{"id":2045,"date":"2020-08-07T16:08:24","date_gmt":"2020-08-07T14:08:24","guid":{"rendered":"https:\/\/smegroup.se\/?page_id=2045"},"modified":"2020-08-07T16:11:52","modified_gmt":"2020-08-07T14:11:52","slug":"vilkor","status":"publish","type":"page","link":"https:\/\/smegroup.se\/sv\/vilkor\/","title":{"rendered":"Vilkor"},"content":{"rendered":"<div data-elementor-type=\"wp-page\" data-elementor-id=\"2045\" class=\"elementor elementor-2045\">\n\t\t\t\t\t\t<section class=\"elementor-section elementor-top-section elementor-element elementor-element-ca34074 elementor-section-boxed elementor-section-height-default elementor-section-height-default\" data-id=\"ca34074\" data-element_type=\"section\" data-e-type=\"section\">\n\t\t\t\t\t\t<div class=\"elementor-container elementor-column-gap-default\">\n\t\t\t\t\t<div class=\"elementor-column elementor-col-100 elementor-top-column elementor-element elementor-element-0cbd5be\" data-id=\"0cbd5be\" data-element_type=\"column\" data-e-type=\"column\">\n\t\t\t<div class=\"elementor-widget-wrap elementor-element-populated\">\n\t\t\t\t\t\t<div class=\"elementor-element elementor-element-89a9609 elementor-widget elementor-widget-heading\" data-id=\"89a9609\" data-element_type=\"widget\" data-e-type=\"widget\" data-widget_type=\"heading.default\">\n\t\t\t\t<div class=\"elementor-widget-container\">\n\t\t\t\t\t<h3 class=\"elementor-heading-title elementor-size-xl\">SME Vilkor<\/h3>\t\t\t\t<\/div>\n\t\t\t\t<\/div>\n\t\t\t\t<div class=\"elementor-element elementor-element-cce6381 elementor-widget elementor-widget-text-editor\" data-id=\"cce6381\" data-element_type=\"widget\" data-e-type=\"widget\" data-widget_type=\"text-editor.default\">\n\t\t\t\t<div class=\"elementor-widget-container\">\n\t\t\t\t\t\t\t\t\t<p><b>1. Introduktion\u00a0<\/b><\/p><p>Det h\u00e4r de villkor som reglerar f\u00f6rh\u00e5llandet mellan medlemmar och Svenska Muslimska Entrepren\u00f6rer (SME) Ek. F\u00f6rening. Du som medlem b\u00f6r l\u00e4sa dessa villkor och vara medveten om vad villkoren inneb\u00e4r. (F\u00f6r framtida referens b\u00f6r du ha sparat en kopia av dessa villkor).<\/p><p><b>2. Investeringar\u00a0<\/b><\/p><p>Som medlem i SME har du m\u00f6jlighet att investera i de aff\u00e4rsid\u00e9er och bolag som SME anser f\u00f6ljer de principer som SME har f\u00f6r potentiella investeringar. Ifall det bolag som medlemmar ska investera i \u00e4r ett privat aktiebolag, kommer SME inte ta hand om f\u00f6rs\u00e4ljning av aktier i form av en mellanhand mellan aktiebolaget och investeraren (medlemmen), eller som en handelsplattform f\u00f6r aktier.<\/p><p><b>3. Principer f\u00f6r investeringar\u00a0<\/b><\/p><p>SME \u00e4r en f\u00f6rening som arbetar f\u00f6r att gynna entrepren\u00f6rskap hos muslimer, samt f\u00f6r att skapa en plattform f\u00f6r att skapa nya s\u00e4tt att finansiera investeringar och k\u00f6p p\u00e5 ett s\u00e4tt som f\u00f6ljer islamiska r\u00e4ttsprinciper. Dessa principer h\u00e4mtas fr\u00e5n etablerade n\u00e4mnder och institut som arbetar f\u00f6r att skapa regelverk f\u00f6r olika finansieringsformer samt investeringar. (information om vilka institut?)<\/p><p><b>4. Medlemskap\u00a0<\/b><\/p><p>F\u00f6r att bli medlem hos SME m\u00e5ste man vara en fysisk person \u00f6ver 18 \u00e5r. Vid ans\u00f6kan om medlemskap g\u00f6rs en intervju av en medarbetare hos SME. F\u00f6r att bli medlem hos SME m\u00e5ste man vara svensk medborgare.<\/p><p><b>5. Risker\u00a0<\/b><\/p><p>Investeringar i aff\u00e4rsid\u00e9er och onoterade bolag medf\u00f6ljer stora risker. Flera av de bolag som man investerar i hos SME \u00e4r i tidiga stadiet av sin verksamhet, och kan misslyckas. Du som medlem b\u00f6r inte investera i bolag f\u00f6r mer \u00e4n vad din ekonomi t\u00e5l.<\/p><p><b>6. Avgifter och insats\u00a0<\/b><\/p><p>SME har en \u00e5rsavgift p\u00e5 1 000 (ettusen) kronor. Som medlem m\u00e5ste man \u00e4ven g\u00f6ra en insats p\u00e5 5 000 (fem tusen) kronor. Denna insats ger en andel av SME. Att man har en andel av SME betyder inte att man har k\u00f6pt aktier i aktiebolag som SME medverkar med.<\/p><p><b>7. Ansvarsbegr\u00e4nsning\u00a0<\/b><\/p><p>SME, dess styrelse samt verksamma medlemmar har inget ansvar f\u00f6r potentiella direkta eller indirekta f\u00f6rluster av investeringar. SME tar inte ansvar f\u00f6r medlemmar kontakt med svenska myndigheter f\u00f6r de plikter medlemmar har enligt svensk lagstiftning n\u00e4r det g\u00e4ller beskattning av vinter och rapportering av innehav av aktier.<\/p><p><b>8. Andra \u00f6verenskommelser och villkor\u00a0<\/b><\/p><p>Vid investeringar inom aktiebolag kan det komma andra villkor och \u00f6verenskommelser ut\u00f6ver dessa villkor. Det \u00e4r upp till medlemmen att informera sig sj\u00e4lv om potentiella villkor vid s\u00e5dana investeringar.<\/p><p><b>9. Lagstiftning\u00a0<\/b><\/p><p>SME lyder under svensk lag.\u00a0<\/p>\t\t\t\t\t\t\t\t<\/div>\n\t\t\t\t<\/div>\n\t\t\t\t\t<\/div>\n\t\t<\/div>\n\t\t\t\t\t<\/div>\n\t\t<\/section>\n\t\t\t\t<\/div>","protected":false},"excerpt":{"rendered":"<p>SME Vilkor 1. Introduktion\u00a0 Det h\u00e4r de villkor som reglerar f\u00f6rh\u00e5llandet mellan medlemmar och Svenska Muslimska Entrepren\u00f6rer (SME) Ek. F\u00f6rening. Du som medlem b\u00f6r l\u00e4sa dessa villkor och vara medveten om vad villkoren inneb\u00e4r. (F\u00f6r framtida referens b\u00f6r du ha sparat en kopia av dessa villkor). 2. Investeringar\u00a0 Som medlem i SME har du m\u00f6jlighet &hellip;<\/p>\n<p class=\"read-more\"> <a class=\"\" href=\"https:\/\/smegroup.se\/sv\/vilkor\/\"> <span class=\"screen-reader-text\">Vilkor<\/span> Read More \u00bb<\/a><\/p>","protected":false},"author":1,"featured_media":0,"parent":0,"menu_order":0,"comment_status":"closed","ping_status":"closed","template":"","meta":{"footnotes":""},"class_list":["post-2045","page","type-page","status-publish","hentry"],"_links":{"self":[{"href":"https:\/\/smegroup.se\/sv\/wp-json\/wp\/v2\/pages\/2045"}],"collection":[{"href":"https:\/\/smegroup.se\/sv\/wp-json\/wp\/v2\/pages"}],"about":[{"href":"https:\/\/smegroup.se\/sv\/wp-json\/wp\/v2\/types\/page"}],"author":[{"embeddable":true,"href":"https:\/\/smegroup.se\/sv\/wp-json\/wp\/v2\/users\/1"}],"replies":[{"embeddable":true,"href":"https:\/\/smegroup.se\/sv\/wp-json\/wp\/v2\/comments?post=2045"}],"version-history":[{"count":0,"href":"https:\/\/smegroup.se\/sv\/wp-json\/wp\/v2\/pages\/2045\/revisions"}],"wp:attachment":[{"href":"https:\/\/smegroup.se\/sv\/wp-json\/wp\/v2\/media?parent=2045"}],"curies":[{"name":"wp","href":"https:\/\/api.w.org\/{rel}","templated":true}]}}